{"id":854,"date":"2024-07-17T17:44:36","date_gmt":"2024-07-17T20:44:36","guid":{"rendered":"https:\/\/www.itworks.com.br\/wordpress\/?page_id=854"},"modified":"2024-07-17T19:07:00","modified_gmt":"2024-07-17T22:07:00","slug":"sobre","status":"publish","type":"page","link":"https:\/\/www.itworks.com.br\/wordpress\/sobre\/","title":{"rendered":"Sobre"},"content":{"rendered":"\t\t<div data-elementor-type=\"wp-page\" data-elementor-id=\"854\" class=\"elementor elementor-854\" data-elementor-post-type=\"page\">\n\t\t\t\t<div class=\"elementor-element elementor-element-535b589 e-flex e-con-boxed wpr-jarallax-no wpr-parallax-no wpr-sticky-section-no e-con e-parent\" data-id=\"535b589\" data-element_type=\"container\" data-settings=\"{&quot;background_background&quot;:&quot;classic&quot;,&quot;shape_divider_bottom&quot;:&quot;arrow&quot;}\">\n\t\t\t\t\t<div class=\"e-con-inner\">\n\t\t\t\t<div class=\"elementor-shape elementor-shape-bottom\" aria-hidden=\"true\" data-negative=\"false\">\n\t\t\t<svg xmlns=\"http:\/\/www.w3.org\/2000\/svg\" viewBox=\"0 0 700 10\" preserveAspectRatio=\"none\">\n\t<path class=\"elementor-shape-fill\" d=\"M350,10L340,0h20L350,10z\"\/>\n<\/svg>\t\t<\/div>\n\t\t\t\t<div class=\"elementor-element elementor-element-334245d elementor-widget elementor-widget-heading\" data-id=\"334245d\" data-element_type=\"widget\" data-widget_type=\"heading.default\">\n\t\t\t\t<div class=\"elementor-widget-container\">\n\t\t\t\t\t<h2 class=\"elementor-heading-title elementor-size-default\">Sobre n\u00f3s<\/h2>\t\t\t\t<\/div>\n\t\t\t\t<\/div>\n\t\t\t\t<div class=\"elementor-element elementor-element-71318a2 elementor-widget__width-initial elementor-widget elementor-widget-text-editor\" data-id=\"71318a2\" data-element_type=\"widget\" data-widget_type=\"text-editor.default\">\n\t\t\t\t<div class=\"elementor-widget-container\">\n\t\t\t\t\t\t\t\t\t<h2 class=\"titulo aos-init aos-animate\" style=\"text-align: center;\" data-aos=\"fade-up\" data-aos-offset=\"0\"><span style=\"color: #ffffff;\"><strong>Conhe\u00e7a a <\/strong><\/span><span style=\"color: #7fbc08;\">IT Works<\/span><\/h2>\t\t\t\t\t\t\t\t<\/div>\n\t\t\t\t<\/div>\n\t\t\t\t\t<\/div>\n\t\t\t\t<\/div>\n\t\t<div class=\"elementor-element elementor-element-e09be44 e-flex e-con-boxed wpr-particle-no wpr-jarallax-no wpr-parallax-no wpr-sticky-section-no e-con e-parent\" data-id=\"e09be44\" data-element_type=\"container\" data-settings=\"{&quot;background_background&quot;:&quot;classic&quot;}\">\n\t\t\t\t\t<div class=\"e-con-inner\">\n\t\t<div class=\"elementor-element elementor-element-506bdb2 e-con-full e-flex wpr-particle-no wpr-jarallax-no wpr-parallax-no wpr-sticky-section-no e-con e-child\" data-id=\"506bdb2\" data-element_type=\"container\">\n\t\t\t\t<div class=\"elementor-element elementor-element-284a17a elementor-widget elementor-widget-image\" data-id=\"284a17a\" data-element_type=\"widget\" data-widget_type=\"image.default\">\n\t\t\t\t<div class=\"elementor-widget-container\">\n\t\t\t\t\t\t\t\t\t\t\t\t\t\t\t<img fetchpriority=\"high\" decoding=\"async\" width=\"601\" height=\"494\" src=\"https:\/\/www.itworks.com.br\/wordpress\/wp-content\/uploads\/2024\/07\/download-_14_.jpg\" class=\"attachment-large size-large wp-image-867\" alt=\"\" srcset=\"https:\/\/www.itworks.com.br\/wordpress\/wp-content\/uploads\/2024\/07\/download-_14_.jpg 601w, https:\/\/www.itworks.com.br\/wordpress\/wp-content\/uploads\/2024\/07\/download-_14_-300x247.jpg 300w\" sizes=\"(max-width: 601px) 100vw, 601px\" \/>\t\t\t\t\t\t\t\t\t\t\t\t\t\t\t<\/div>\n\t\t\t\t<\/div>\n\t\t\t\t<\/div>\n\t\t<div class=\"elementor-element elementor-element-ca58513 e-con-full e-flex wpr-particle-no wpr-jarallax-no wpr-parallax-no wpr-sticky-section-no e-con e-child\" data-id=\"ca58513\" data-element_type=\"container\">\n\t\t\t\t<div class=\"elementor-element elementor-element-46afc8b elementor-widget__width-initial elementor-widget elementor-widget-text-editor\" data-id=\"46afc8b\" data-element_type=\"widget\" data-widget_type=\"text-editor.default\">\n\t\t\t\t<div class=\"elementor-widget-container\">\n\t\t\t\t\t\t\t\t\t<p>Solucionando seus problemas<\/p><h2 class=\"titulo left\"><span style=\"color: #333333;\">Uma Trajet\u00f3ria de<\/span>\u00a0<strong><span style=\"color: #7fbc08;\">Sucesso<\/span><\/strong><\/h2>\t\t\t\t\t\t\t\t<\/div>\n\t\t\t\t<\/div>\n\t\t\t\t<div class=\"elementor-element elementor-element-4325042 elementor-widget elementor-widget-text-editor\" data-id=\"4325042\" data-element_type=\"widget\" data-widget_type=\"text-editor.default\">\n\t\t\t\t<div class=\"elementor-widget-container\">\n\t\t\t\t\t\t\t\t\t<p><span style=\"color: #333333;\">A&nbsp;<strong>IT Works<\/strong>&nbsp;\u00e9 uma empresa l\u00edder em intelig\u00eancia fiscal, dedicada a impulsionar a efici\u00eancia, produtividade e desempenho nas opera\u00e7\u00f5es fiscais e tribut\u00e1rias de nossos clientes e parceiros por meio de solu\u00e7\u00f5es tecnol\u00f3gicas de ponta.<\/span><\/p>\n<p><span style=\"color: #333333;\">Com uma equipe composta por profissionais altamente especializados nas \u00e1reas&nbsp;<strong>cont\u00e1bil<\/strong>,&nbsp;<strong>fiscal<\/strong>,<strong>&nbsp;tribut\u00e1ria<\/strong>,&nbsp;<strong>legislativa&nbsp;<\/strong>e&nbsp; <\/span><strong style=\"color: rgb(51, 51, 51); text-align: var(--text-align); font-size: 1rem;\">tecnol\u00f3gica<\/strong><span style=\"color: rgb(51, 51, 51); text-align: var(--text-align); font-size: 1rem;\">, estamos comprometidos em fornecer solu\u00e7\u00f5es completas para intelig\u00eancia fiscal desde 2010.<\/span><\/p>\n<p><span style=\"color: #333333;\">Independentemente do porte da empresa, nossa miss\u00e3o primordial \u00e9 entregar solu\u00e7\u00f5es \u00e1geis, seguras e transparentes, desde o primeiro contato, garantindo assim a satisfa\u00e7\u00e3o e confian\u00e7a de nossos clientes!<\/span><\/p>\t\t\t\t\t\t\t\t<\/div>\n\t\t\t\t<\/div>\n\t\t\t\t<\/div>\n\t\t\t\t\t<\/div>\n\t\t\t\t<\/div>\n\t\t<div class=\"elementor-element elementor-element-7813e09 e-flex e-con-boxed wpr-particle-no wpr-jarallax-no wpr-parallax-no wpr-sticky-section-no e-con e-parent\" data-id=\"7813e09\" data-element_type=\"container\" data-settings=\"{&quot;background_background&quot;:&quot;classic&quot;}\">\n\t\t\t\t\t<div class=\"e-con-inner\">\n\t\t<div class=\"elementor-element elementor-element-d11fda4 e-con-full e-flex wpr-particle-no wpr-jarallax-no wpr-parallax-no wpr-sticky-section-no e-con e-child\" data-id=\"d11fda4\" data-element_type=\"container\">\n\t\t\t\t<div class=\"elementor-element elementor-element-0d2e69d elementor-widget elementor-widget-text-editor\" data-id=\"0d2e69d\" data-element_type=\"widget\" data-widget_type=\"text-editor.default\">\n\t\t\t\t<div class=\"elementor-widget-container\">\n\t\t\t\t\t\t\t\t\t<h6 class=\"subtitulo top-tit left white aos-init aos-animate\" data-aos=\"fade-up\"><span style=\"color: #ffffff;\">Impacto da Nossa Empresa<\/span><\/h6><h2 class=\"titulo white left aos-init aos-animate\" data-aos=\"fade-up\"><span style=\"color: #ffffff;\">Veja os N\u00fameros da<\/span>\u00a0<span style=\"color: #7fbc08;\"><b>IT Works<\/b><\/span><\/h2>\t\t\t\t\t\t\t\t<\/div>\n\t\t\t\t<\/div>\n\t\t\t\t<\/div>\n\t\t<div class=\"elementor-element elementor-element-c6a561a e-con-full e-flex wpr-particle-no wpr-jarallax-no wpr-parallax-no wpr-sticky-section-no e-con e-child\" data-id=\"c6a561a\" data-element_type=\"container\">\n\t\t\t\t<div class=\"elementor-element elementor-element-3e4e3ff elementor-widget elementor-widget-image\" data-id=\"3e4e3ff\" data-element_type=\"widget\" data-widget_type=\"image.default\">\n\t\t\t\t<div class=\"elementor-widget-container\">\n\t\t\t\t\t\t\t\t\t\t\t\t\t\t\t<img decoding=\"async\" width=\"150\" height=\"150\" src=\"https:\/\/www.itworks.com.br\/wordpress\/wp-content\/uploads\/2024\/07\/a3e14e2a9cce62624dccde4a7342ca25.png\" class=\"attachment-large size-large wp-image-862\" alt=\"\" \/>\t\t\t\t\t\t\t\t\t\t\t\t\t\t\t<\/div>\n\t\t\t\t<\/div>\n\t\t\t\t<div class=\"elementor-element elementor-element-d8b246c elementor-widget elementor-widget-counter\" data-id=\"d8b246c\" data-element_type=\"widget\" data-widget_type=\"counter.default\">\n\t\t\t\t<div class=\"elementor-widget-container\">\n\t\t\t\t\t\t\t<div class=\"elementor-counter\">\n\t\t\t<div class=\"elementor-counter-title\">Anos de Experi\u00eancia<\/div>\t\t\t<div class=\"elementor-counter-number-wrapper\">\n\t\t\t\t<span class=\"elementor-counter-number-prefix\">+<\/span>\n\t\t\t\t<span class=\"elementor-counter-number\" data-duration=\"2000\" data-to-value=\"14\" data-from-value=\"1\" data-delimiter=\",\">1<\/span>\n\t\t\t\t<span class=\"elementor-counter-number-suffix\"><\/span>\n\t\t\t<\/div>\n\t\t<\/div>\n\t\t\t\t\t\t<\/div>\n\t\t\t\t<\/div>\n\t\t\t\t<\/div>\n\t\t<div class=\"elementor-element elementor-element-7139311 e-con-full e-flex wpr-particle-no wpr-jarallax-no wpr-parallax-no wpr-sticky-section-no e-con e-child\" data-id=\"7139311\" data-element_type=\"container\">\n\t\t\t\t<div class=\"elementor-element elementor-element-caf6e3b elementor-widget elementor-widget-image\" data-id=\"caf6e3b\" data-element_type=\"widget\" data-widget_type=\"image.default\">\n\t\t\t\t<div class=\"elementor-widget-container\">\n\t\t\t\t\t\t\t\t\t\t\t\t\t\t\t<img decoding=\"async\" width=\"150\" height=\"150\" src=\"https:\/\/www.itworks.com.br\/wordpress\/wp-content\/uploads\/2024\/07\/cade0f1a5695848cfa8d787d58ec1df2.png\" class=\"attachment-large size-large wp-image-856\" alt=\"\" \/>\t\t\t\t\t\t\t\t\t\t\t\t\t\t\t<\/div>\n\t\t\t\t<\/div>\n\t\t\t\t<div class=\"elementor-element elementor-element-da9500c elementor-widget elementor-widget-counter\" data-id=\"da9500c\" data-element_type=\"widget\" data-widget_type=\"counter.default\">\n\t\t\t\t<div class=\"elementor-widget-container\">\n\t\t\t\t\t\t\t<div class=\"elementor-counter\">\n\t\t\t<div class=\"elementor-counter-title\">Clientes atendidos<\/div>\t\t\t<div class=\"elementor-counter-number-wrapper\">\n\t\t\t\t<span class=\"elementor-counter-number-prefix\">+<\/span>\n\t\t\t\t<span class=\"elementor-counter-number\" data-duration=\"2000\" data-to-value=\"5000\" data-from-value=\"1000\" data-delimiter=\".\">1000<\/span>\n\t\t\t\t<span class=\"elementor-counter-number-suffix\"><\/span>\n\t\t\t<\/div>\n\t\t<\/div>\n\t\t\t\t\t\t<\/div>\n\t\t\t\t<\/div>\n\t\t\t\t<\/div>\n\t\t<div class=\"elementor-element elementor-element-92c9b76 e-con-full e-flex wpr-particle-no wpr-jarallax-no wpr-parallax-no wpr-sticky-section-no e-con e-child\" data-id=\"92c9b76\" data-element_type=\"container\">\n\t\t\t\t<div class=\"elementor-element elementor-element-e66f3d9 elementor-widget elementor-widget-image\" data-id=\"e66f3d9\" data-element_type=\"widget\" data-widget_type=\"image.default\">\n\t\t\t\t<div class=\"elementor-widget-container\">\n\t\t\t\t\t\t\t\t\t\t\t\t\t\t\t<img loading=\"lazy\" decoding=\"async\" width=\"150\" height=\"150\" src=\"https:\/\/www.itworks.com.br\/wordpress\/wp-content\/uploads\/2024\/07\/264f9e906142d4e9bd9bcfaad5b2f059.png\" class=\"attachment-large size-large wp-image-863\" alt=\"\" \/>\t\t\t\t\t\t\t\t\t\t\t\t\t\t\t<\/div>\n\t\t\t\t<\/div>\n\t\t\t\t<div class=\"elementor-element elementor-element-7f50c80 elementor-widget elementor-widget-counter\" data-id=\"7f50c80\" data-element_type=\"widget\" data-widget_type=\"counter.default\">\n\t\t\t\t<div class=\"elementor-widget-container\">\n\t\t\t\t\t\t\t<div class=\"elementor-counter\">\n\t\t\t<div class=\"elementor-counter-title\">Palestras e Workshops<\/div>\t\t\t<div class=\"elementor-counter-number-wrapper\">\n\t\t\t\t<span class=\"elementor-counter-number-prefix\">+<\/span>\n\t\t\t\t<span class=\"elementor-counter-number\" data-duration=\"2000\" data-to-value=\"20\" data-from-value=\"1\" data-delimiter=\",\">1<\/span>\n\t\t\t\t<span class=\"elementor-counter-number-suffix\"><\/span>\n\t\t\t<\/div>\n\t\t<\/div>\n\t\t\t\t\t\t<\/div>\n\t\t\t\t<\/div>\n\t\t\t\t<\/div>\n\t\t<div class=\"elementor-element elementor-element-c6679d9 e-con-full e-flex wpr-particle-no wpr-jarallax-no wpr-parallax-no wpr-sticky-section-no e-con e-child\" data-id=\"c6679d9\" data-element_type=\"container\">\n\t\t\t\t<div class=\"elementor-element elementor-element-94f1d17 elementor-widget elementor-widget-image\" data-id=\"94f1d17\" data-element_type=\"widget\" data-widget_type=\"image.default\">\n\t\t\t\t<div class=\"elementor-widget-container\">\n\t\t\t\t\t\t\t\t\t\t\t\t\t\t\t<img loading=\"lazy\" decoding=\"async\" width=\"150\" height=\"150\" src=\"https:\/\/www.itworks.com.br\/wordpress\/wp-content\/uploads\/2024\/07\/b799d8985d20b4a80253a9854f437498.png\" class=\"attachment-large size-large wp-image-859\" alt=\"\" \/>\t\t\t\t\t\t\t\t\t\t\t\t\t\t\t<\/div>\n\t\t\t\t<\/div>\n\t\t\t\t<div class=\"elementor-element elementor-element-ad9435f elementor-widget elementor-widget-counter\" data-id=\"ad9435f\" data-element_type=\"widget\" data-widget_type=\"counter.default\">\n\t\t\t\t<div class=\"elementor-widget-container\">\n\t\t\t\t\t\t\t<div class=\"elementor-counter\">\n\t\t\t<div class=\"elementor-counter-title\">Impostos Economizados<\/div>\t\t\t<div class=\"elementor-counter-number-wrapper\">\n\t\t\t\t<span class=\"elementor-counter-number-prefix\">+<\/span>\n\t\t\t\t<span class=\"elementor-counter-number\" data-duration=\"2000\" data-to-value=\"2\" data-from-value=\"\" data-delimiter=\",\"><\/span>\n\t\t\t\t<span class=\"elementor-counter-number-suffix\"> Milh\u00f5es<\/span>\n\t\t\t<\/div>\n\t\t<\/div>\n\t\t\t\t\t\t<\/div>\n\t\t\t\t<\/div>\n\t\t\t\t<\/div>\n\t\t\t\t\t<\/div>\n\t\t\t\t<\/div>\n\t\t<div class=\"elementor-element elementor-element-fd229af e-flex e-con-boxed wpr-particle-no wpr-jarallax-no wpr-parallax-no wpr-sticky-section-no e-con e-parent\" data-id=\"fd229af\" data-element_type=\"container\" data-settings=\"{&quot;background_background&quot;:&quot;classic&quot;}\">\n\t\t\t\t\t<div class=\"e-con-inner\">\n\t\t\t\t<div class=\"elementor-element elementor-element-e91d224 elementor-widget__width-initial elementor-widget elementor-widget-text-editor\" data-id=\"e91d224\" data-element_type=\"widget\" data-widget_type=\"text-editor.default\">\n\t\t\t\t<div class=\"elementor-widget-container\">\n\t\t\t\t\t\t\t\t\t<p class=\"subtitulo aos-init aos-animate\" style=\"text-align: center;\" data-aos=\"fade-up\">Compromisso com Excel\u00eancia<\/p><h2 class=\"titulo left\" style=\"text-align: center;\"><span style=\"color: #333333;\">A Maior Refer\u00eancia de<\/span> <strong><span style=\"color: #7fbc08;\">Gest\u00e3o Tribut\u00e1ria <\/span><\/strong><span style=\"color: #7fbc08;\"><span style=\"color: #333333;\">do Pa\u00eds<\/span><\/span><\/h2>\t\t\t\t\t\t\t\t<\/div>\n\t\t\t\t<\/div>\n\t\t<div class=\"elementor-element elementor-element-3c9607e e-con-full e-flex wpr-particle-no wpr-jarallax-no wpr-parallax-no wpr-sticky-section-no e-con e-child\" data-id=\"3c9607e\" data-element_type=\"container\">\n\t\t<div class=\"elementor-element elementor-element-4d507b9 e-con-full e-flex wpr-particle-no wpr-jarallax-no wpr-parallax-no wpr-sticky-section-no e-con e-child\" data-id=\"4d507b9\" data-element_type=\"container\" data-settings=\"{&quot;background_background&quot;:&quot;classic&quot;}\">\n\t\t\t\t<div class=\"elementor-element elementor-element-629f963 elementor-position-top elementor-widget elementor-widget-image-box\" data-id=\"629f963\" data-element_type=\"widget\" data-widget_type=\"image-box.default\">\n\t\t\t\t<div class=\"elementor-widget-container\">\n\t\t\t\t\t<div class=\"elementor-image-box-wrapper\"><figure class=\"elementor-image-box-img\"><img loading=\"lazy\" decoding=\"async\" width=\"128\" height=\"128\" src=\"https:\/\/www.itworks.com.br\/wordpress\/wp-content\/uploads\/2024\/07\/missao.png\" class=\"attachment-full size-full wp-image-861\" alt=\"\" \/><\/figure><div class=\"elementor-image-box-content\"><h3 class=\"elementor-image-box-title\">Miss\u00e3o<\/h3><p class=\"elementor-image-box-description\">Na IT Works, impulsionamos a efici\u00eancia fiscal de nossos clientes com tecnologia, oferecendo solu\u00e7\u00f5es r\u00e1pidas e transparentes.<\/p><\/div><\/div>\t\t\t\t<\/div>\n\t\t\t\t<\/div>\n\t\t\t\t<\/div>\n\t\t<div class=\"elementor-element elementor-element-cdc8868 e-con-full e-flex wpr-particle-no wpr-jarallax-no wpr-parallax-no wpr-sticky-section-no e-con e-child\" data-id=\"cdc8868\" data-element_type=\"container\" data-settings=\"{&quot;background_background&quot;:&quot;classic&quot;}\">\n\t\t\t\t<div class=\"elementor-element elementor-element-e9da6b8 elementor-position-top elementor-widget elementor-widget-image-box\" data-id=\"e9da6b8\" data-element_type=\"widget\" data-widget_type=\"image-box.default\">\n\t\t\t\t<div class=\"elementor-widget-container\">\n\t\t\t\t\t<div class=\"elementor-image-box-wrapper\"><figure class=\"elementor-image-box-img\"><img loading=\"lazy\" decoding=\"async\" width=\"128\" height=\"128\" src=\"https:\/\/www.itworks.com.br\/wordpress\/wp-content\/uploads\/2024\/07\/visao.png\" class=\"attachment-full size-full wp-image-858\" alt=\"\" \/><\/figure><div class=\"elementor-image-box-content\"><h3 class=\"elementor-image-box-title\">Vis\u00e3o<\/h3><p class=\"elementor-image-box-description\">Buscamos ser refer\u00eancia em intelig\u00eancia fiscal, transformando a maneira como empresas lidam com suas obriga\u00e7\u00f5es tribut\u00e1rias.<\/p><\/div><\/div>\t\t\t\t<\/div>\n\t\t\t\t<\/div>\n\t\t\t\t<\/div>\n\t\t<div class=\"elementor-element elementor-element-01a8b7f e-con-full e-flex wpr-particle-no wpr-jarallax-no wpr-parallax-no wpr-sticky-section-no e-con e-child\" data-id=\"01a8b7f\" data-element_type=\"container\" data-settings=\"{&quot;background_background&quot;:&quot;classic&quot;}\">\n\t\t\t\t<div class=\"elementor-element elementor-element-3c0c8c5 elementor-position-top elementor-widget elementor-widget-image-box\" data-id=\"3c0c8c5\" data-element_type=\"widget\" data-widget_type=\"image-box.default\">\n\t\t\t\t<div class=\"elementor-widget-container\">\n\t\t\t\t\t<div class=\"elementor-image-box-wrapper\"><figure class=\"elementor-image-box-img\"><img loading=\"lazy\" decoding=\"async\" width=\"128\" height=\"128\" src=\"https:\/\/www.itworks.com.br\/wordpress\/wp-content\/uploads\/2024\/07\/valores.png\" class=\"attachment-full size-full wp-image-857\" alt=\"\" \/><\/figure><div class=\"elementor-image-box-content\"><h3 class=\"elementor-image-box-title\">Valores<\/h3><p class=\"elementor-image-box-description\">Nossos principais valores incluem excel\u00eancia, inova\u00e7\u00e3o e integridade, promovendo colabora\u00e7\u00e3o e respeito m\u00fatuo em nossa equipe.<\/p><\/div><\/div>\t\t\t\t<\/div>\n\t\t\t\t<\/div>\n\t\t\t\t<\/div>\n\t\t\t\t<\/div>\n\t\t\t\t\t<\/div>\n\t\t\t\t<\/div>\n\t\t\t\t<\/div>\n\t\t","protected":false},"excerpt":{"rendered":"<p>Sobre n\u00f3s Conhe\u00e7a a IT Works Solucionando seus problemas Uma Trajet\u00f3ria de\u00a0Sucesso A&nbsp;IT Works&nbsp;\u00e9 uma empresa l\u00edder em intelig\u00eancia fiscal, dedicada a impulsionar a efici\u00eancia, produtividade e desempenho nas opera\u00e7\u00f5es fiscais e tribut\u00e1rias de nossos clientes e parceiros por meio de solu\u00e7\u00f5es tecnol\u00f3gicas de ponta. Com uma equipe composta por profissionais altamente especializados nas \u00e1reas&nbsp;cont\u00e1bil,&nbsp;fiscal,&nbsp;tribut\u00e1ria,&nbsp;legislativa&nbsp;e&nbsp; tecnol\u00f3gica, estamos comprometidos em fornecer solu\u00e7\u00f5es completas para intelig\u00eancia fiscal desde 2010. Independentemente do porte da empresa, nossa miss\u00e3o primordial \u00e9 entregar solu\u00e7\u00f5es \u00e1geis, seguras e transparentes, desde o primeiro contato, garantindo assim a satisfa\u00e7\u00e3o e confian\u00e7a de nossos clientes! Impacto da Nossa Empresa Veja os N\u00fameros da\u00a0IT Works Anos de Experi\u00eancia + 1 Clientes atendidos + 1000 Palestras e Workshops + 1 Impostos Economizados + Milh\u00f5es Compromisso com Excel\u00eancia A Maior Refer\u00eancia de Gest\u00e3o Tribut\u00e1ria do Pa\u00eds Miss\u00e3o Na IT Works, impulsionamos a efici\u00eancia fiscal de nossos clientes com tecnologia, oferecendo solu\u00e7\u00f5es r\u00e1pidas e transparentes. Vis\u00e3o Buscamos ser refer\u00eancia em intelig\u00eancia fiscal, transformando a maneira como empresas lidam com suas obriga\u00e7\u00f5es tribut\u00e1rias. Valores Nossos principais valores incluem excel\u00eancia, inova\u00e7\u00e3o e integridade, promovendo colabora\u00e7\u00e3o e respeito m\u00fatuo em nossa equipe.<\/p>\n","protected":false},"author":1,"featured_media":0,"parent":0,"menu_order":0,"comment_status":"closed","ping_status":"closed","template":"","meta":{"footnotes":""},"class_list":["post-854","page","type-page","status-publish","hentry"],"_links":{"self":[{"href":"https:\/\/www.itworks.com.br\/wordpress\/wp-json\/wp\/v2\/pages\/854","targetHints":{"allow":["GET"]}}],"collection":[{"href":"https:\/\/www.itworks.com.br\/wordpress\/wp-json\/wp\/v2\/pages"}],"about":[{"href":"https:\/\/www.itworks.com.br\/wordpress\/wp-json\/wp\/v2\/types\/page"}],"author":[{"embeddable":true,"href":"https:\/\/www.itworks.com.br\/wordpress\/wp-json\/wp\/v2\/users\/1"}],"replies":[{"embeddable":true,"href":"https:\/\/www.itworks.com.br\/wordpress\/wp-json\/wp\/v2\/comments?post=854"}],"version-history":[{"count":16,"href":"https:\/\/www.itworks.com.br\/wordpress\/wp-json\/wp\/v2\/pages\/854\/revisions"}],"predecessor-version":[{"id":910,"href":"https:\/\/www.itworks.com.br\/wordpress\/wp-json\/wp\/v2\/pages\/854\/revisions\/910"}],"wp:attachment":[{"href":"https:\/\/www.itworks.com.br\/wordpress\/wp-json\/wp\/v2\/media?parent=854"}],"curies":[{"name":"wp","href":"https:\/\/api.w.org\/{rel}","templated":true}]}}