{"id":872,"date":"2024-07-17T18:03:50","date_gmt":"2024-07-17T21:03:50","guid":{"rendered":"https:\/\/www.itworks.com.br\/wordpress\/?page_id=872"},"modified":"2025-04-02T16:49:08","modified_gmt":"2025-04-02T19:49:08","slug":"politica-de-privacidade","status":"publish","type":"page","link":"https:\/\/www.itworks.com.br\/wordpress\/politica-de-privacidade\/","title":{"rendered":"Pol\u00edtica de Privacidade"},"content":{"rendered":"\t\t<div data-elementor-type=\"wp-page\" data-elementor-id=\"872\" class=\"elementor elementor-872\" data-elementor-post-type=\"page\">\n\t\t\t\t<div class=\"elementor-element elementor-element-761b19a e-flex e-con-boxed wpr-jarallax-no wpr-parallax-no wpr-sticky-section-no e-con e-parent\" data-id=\"761b19a\" data-element_type=\"container\" data-settings=\"{&quot;background_background&quot;:&quot;classic&quot;,&quot;shape_divider_bottom&quot;:&quot;arrow&quot;}\">\n\t\t\t\t\t<div class=\"e-con-inner\">\n\t\t\t\t<div class=\"elementor-shape elementor-shape-bottom\" aria-hidden=\"true\" data-negative=\"false\">\n\t\t\t<svg xmlns=\"http:\/\/www.w3.org\/2000\/svg\" viewBox=\"0 0 700 10\" preserveAspectRatio=\"none\">\n\t<path class=\"elementor-shape-fill\" d=\"M350,10L340,0h20L350,10z\"\/>\n<\/svg>\t\t<\/div>\n\t\t\t\t<div class=\"elementor-element elementor-element-ebe8af2 elementor-widget elementor-widget-heading\" data-id=\"ebe8af2\" data-element_type=\"widget\" data-widget_type=\"heading.default\">\n\t\t\t\t<div class=\"elementor-widget-container\">\n\t\t\t\t\t<h2 class=\"elementor-heading-title elementor-size-default\">Pol\u00edtica de Dados<\/h2>\t\t\t\t<\/div>\n\t\t\t\t<\/div>\n\t\t\t\t<div class=\"elementor-element elementor-element-784525c elementor-widget__width-initial elementor-widget elementor-widget-text-editor\" data-id=\"784525c\" data-element_type=\"widget\" data-widget_type=\"text-editor.default\">\n\t\t\t\t<div class=\"elementor-widget-container\">\n\t\t\t\t\t\t\t\t\t<h2 class=\"titulo aos-init aos-animate\" style=\"text-align: center;\" data-aos=\"fade-up\" data-aos-offset=\"0\"><span style=\"color: #ffffff;\"><strong>Pol\u00edtica de <\/strong><\/span><span style=\"color: #7fbc08;\">\u00a0Privacidade\u00a0<\/span><\/h2>\t\t\t\t\t\t\t\t<\/div>\n\t\t\t\t<\/div>\n\t\t\t\t\t<\/div>\n\t\t\t\t<\/div>\n\t\t<div class=\"elementor-element elementor-element-448834f e-flex e-con-boxed wpr-particle-no wpr-jarallax-no wpr-parallax-no wpr-sticky-section-no e-con e-parent\" data-id=\"448834f\" data-element_type=\"container\" data-settings=\"{&quot;background_background&quot;:&quot;classic&quot;}\">\n\t\t\t\t\t<div class=\"e-con-inner\">\n\t\t<div class=\"elementor-element elementor-element-4e63456 e-con-full e-flex wpr-particle-no wpr-jarallax-no wpr-parallax-no wpr-sticky-section-no e-con e-child\" data-id=\"4e63456\" data-element_type=\"container\">\n\t\t\t\t<div class=\"elementor-element elementor-element-3a36173 elementor-widget elementor-widget-text-editor\" data-id=\"3a36173\" data-element_type=\"widget\" data-widget_type=\"text-editor.default\">\n\t\t\t\t<div class=\"elementor-widget-container\">\n\t\t\t\t\t\t\t\t\t<p><span style=\"color: #333333;\">N\u00f3s usamos cookies para melhorar sua experi\u00eancia de navega\u00e7\u00e3o no portal. Ao utilizar o\u00a0<strong>itworks.com.br<\/strong>, voc\u00ea concorda com a pol\u00edtica de monitoramento de cookies. Para ter mais informa\u00e7\u00f5es sobre como isso \u00e9 feito, acesse Pol\u00edtica de cookies. Se voc\u00ea concorda, clique em\u00a0<strong>Aceito<\/strong>.<\/span><\/p><p><span style=\"color: #333333;\"><strong>O que s\u00e3o cookies?<\/strong><\/span><br \/><span style=\"color: #333333;\">Cookies s\u00e3o arquivos salvos em seu computador, tablet ou telefone quando voc\u00ea visita um site.Usamos os cookies necess\u00e1rios para fazer o site funcionar da melhor forma poss\u00edvel e sempre aprimorar os nossos servi\u00e7os.<\/span><br \/><span style=\"color: #333333;\">Alguns cookies s\u00e3o classificados como necess\u00e1rios e permitem a funcionalidade central, como seguran\u00e7a, gerenciamento de rede e acessibilidade. Estes cookies podem ser coletados e armazenados assim que voc\u00ea inicia sua navega\u00e7\u00e3o ou quando usa algum recurso que os requer.<\/span><\/p><p><span style=\"color: #333333;\"><strong>Cookies Prim\u00e1rios<\/strong><\/span><br \/><span style=\"color: #333333;\">Alguns cookies ser\u00e3o colocados em seu dispositivo diretamente pelo nosso site &#8211; s\u00e3o conhecidos como cookies prim\u00e1rios. Eles s\u00e3o essenciais para voc\u00ea navegar no site e usar seus recursos.<\/span><\/p><p><span style=\"color: #333333;\"><strong>Tempor\u00e1rios<\/strong><\/span><br \/><span style=\"color: #333333;\">N\u00f3s utilizamos cookies de sess\u00e3o. Eles s\u00e3o tempor\u00e1rios e expiram quando voc\u00ea fecha o navegador ou quando a sess\u00e3o termina.<\/span><\/p><p><span style=\"color: #333333;\"><strong>Finalidade<\/strong><\/span><br \/><span style=\"color: #333333;\">Estabelecer controle de idioma e seguran\u00e7a ao tempo da sess\u00e3o.<\/span><\/p><p><span style=\"color: #333333;\"><strong>Persistentes<\/strong><\/span><br \/><span style=\"color: #333333;\">Utilizamos tamb\u00e9m cookies persistentes que permanecem em seu disco r\u00edgido at\u00e9 que voc\u00ea os apague ou seu navegador o fa\u00e7a, dependendo da data de expira\u00e7\u00e3o do cookie. Todos os cookies persistentes t\u00eam uma data de expira\u00e7\u00e3o gravada em seu c\u00f3digo, mas sua dura\u00e7\u00e3o pode variar.<\/span><\/p><p><span style=\"color: #333333;\"><strong>Finalidade<\/strong><\/span><br \/><span style=\"color: #333333;\">Coletam e armazenam a ci\u00eancia sobre o uso de cookies no site.<\/span><\/p><p><span style=\"color: #333333;\"><strong>Cookies de Terceiros<\/strong><\/span><br \/><span style=\"color: #333333;\">Outros cookies s\u00e3o colocados no seu dispositivo n\u00e3o pelo site que voc\u00ea est\u00e1 visitando, mas por terceiros, como, por exemplo, os sistemas anal\u00edticos.<\/span><\/p><p><span style=\"color: #333333;\"><strong>Tempor\u00e1rios<\/strong><\/span><br \/><span style=\"color: #333333;\">N\u00f3s utilizamos cookies de sess\u00e3o. Eles s\u00e3o tempor\u00e1rios e expiram quando voc\u00ea fecha o navegador ou quando a sess\u00e3o termina.<\/span><\/p><p><span style=\"color: #333333;\"><strong>Finalidade<\/strong><\/span><br \/><span style=\"color: #333333;\">Coletam informa\u00e7\u00f5es sobre como voc\u00ea usa o site, como as p\u00e1ginas que voc\u00ea visitou e os links em que clicou. Nenhuma dessas informa\u00e7\u00f5es pode ser usada para identific\u00e1-lo. Seu \u00fanico objetivo \u00e9 possibilitar an\u00e1lises e melhorar as fun\u00e7\u00f5es do site.<\/span><\/p><p><span style=\"color: #333333;\"><strong>Persistentes<\/strong><\/span><br \/><span style=\"color: #333333;\">Utilizamos tamb\u00e9m cookies persistentes que permanecem em seu disco r\u00edgido at\u00e9 que voc\u00ea os apague ou seu navegador o fa\u00e7a, dependendo da data de expira\u00e7\u00e3o do cookie. Todos os cookies persistentes t\u00eam uma data de expira\u00e7\u00e3o gravada em seu c\u00f3digo, mas sua dura\u00e7\u00e3o pode variar.<\/span><\/p><p><span style=\"color: #333333;\"><strong>Finalidade<\/strong><\/span><br \/><span style=\"color: #333333;\">Coletam informa\u00e7\u00f5es sobre como voc\u00ea usa o site, como as p\u00e1ginas que voc\u00ea visitou e os links em que clicou. Nenhuma dessas informa\u00e7\u00f5es pode ser usada para identific\u00e1-lo. Seu \u00fanico objetivo \u00e9 possibilitar an\u00e1lises e melhorar as fun\u00e7\u00f5es do site.<\/span><\/p><p><span style=\"color: #333333;\">Voc\u00ea pode desabilit\u00e1-los alterando as configura\u00e7\u00f5es do seu navegador, mas saiba que isso pode afetar o funcionamento do site.<\/span><\/p><ul><li><span style=\"color: #333333;\">Chrome<\/span><\/li><li><span style=\"color: #333333;\">Firefox<\/span><\/li><li><span style=\"color: #333333;\">Microsoft Edge<\/span><\/li><li><span style=\"color: #333333;\">Internet Explorer<\/span><\/li><\/ul>\t\t\t\t\t\t\t\t<\/div>\n\t\t\t\t<\/div>\n\t\t\t\t<\/div>\n\t\t\t\t\t<\/div>\n\t\t\t\t<\/div>\n\t\t\t\t<\/div>\n\t\t","protected":false},"excerpt":{"rendered":"<p>Pol\u00edtica de Dados Pol\u00edtica de \u00a0Privacidade\u00a0 N\u00f3s usamos cookies para melhorar sua experi\u00eancia de navega\u00e7\u00e3o no portal. Ao utilizar o\u00a0itworks.com.br, voc\u00ea concorda com a pol\u00edtica de monitoramento de cookies. Para ter mais informa\u00e7\u00f5es sobre como isso \u00e9 feito, acesse Pol\u00edtica de cookies. Se voc\u00ea concorda, clique em\u00a0Aceito. O que s\u00e3o cookies?Cookies s\u00e3o arquivos salvos em seu computador, tablet ou telefone quando voc\u00ea visita um site.Usamos os cookies necess\u00e1rios para fazer o site funcionar da melhor forma poss\u00edvel e sempre aprimorar os nossos servi\u00e7os.Alguns cookies s\u00e3o classificados como necess\u00e1rios e permitem a funcionalidade central, como seguran\u00e7a, gerenciamento de rede e acessibilidade. Estes cookies podem ser coletados e armazenados assim que voc\u00ea inicia sua navega\u00e7\u00e3o ou quando usa algum recurso que os requer. Cookies Prim\u00e1riosAlguns cookies ser\u00e3o colocados em seu dispositivo diretamente pelo nosso site &#8211; s\u00e3o conhecidos como cookies prim\u00e1rios. Eles s\u00e3o essenciais para voc\u00ea navegar no site e usar seus recursos. Tempor\u00e1riosN\u00f3s utilizamos cookies de sess\u00e3o. Eles s\u00e3o tempor\u00e1rios e expiram quando voc\u00ea fecha o navegador ou quando a sess\u00e3o termina. FinalidadeEstabelecer controle de idioma e seguran\u00e7a ao tempo da sess\u00e3o. PersistentesUtilizamos tamb\u00e9m cookies persistentes que permanecem em seu disco r\u00edgido at\u00e9 que voc\u00ea os apague ou seu navegador o fa\u00e7a, dependendo da data de expira\u00e7\u00e3o do cookie. Todos os cookies persistentes t\u00eam uma data de expira\u00e7\u00e3o gravada em seu c\u00f3digo, mas sua dura\u00e7\u00e3o pode variar. FinalidadeColetam e armazenam a ci\u00eancia sobre o uso de cookies no site. Cookies de TerceirosOutros cookies s\u00e3o colocados no seu dispositivo n\u00e3o pelo site que voc\u00ea est\u00e1 visitando, mas por terceiros, como, por exemplo, os sistemas anal\u00edticos. Tempor\u00e1riosN\u00f3s utilizamos cookies de sess\u00e3o. Eles s\u00e3o tempor\u00e1rios e expiram quando voc\u00ea fecha o navegador ou quando a sess\u00e3o termina. FinalidadeColetam informa\u00e7\u00f5es sobre como voc\u00ea usa o site, como as p\u00e1ginas que voc\u00ea visitou e os links em que clicou. Nenhuma dessas informa\u00e7\u00f5es pode ser usada para identific\u00e1-lo. Seu \u00fanico objetivo \u00e9 possibilitar an\u00e1lises e melhorar as fun\u00e7\u00f5es do site. PersistentesUtilizamos tamb\u00e9m cookies persistentes que permanecem em seu disco r\u00edgido at\u00e9 que voc\u00ea os apague ou seu navegador o fa\u00e7a, dependendo da data de expira\u00e7\u00e3o do cookie. Todos os cookies persistentes t\u00eam uma data de expira\u00e7\u00e3o gravada em seu c\u00f3digo, mas sua dura\u00e7\u00e3o pode variar. FinalidadeColetam informa\u00e7\u00f5es sobre como voc\u00ea usa o site, como as p\u00e1ginas que voc\u00ea visitou e os links em que clicou. Nenhuma dessas informa\u00e7\u00f5es pode ser usada para identific\u00e1-lo. Seu \u00fanico objetivo \u00e9 possibilitar an\u00e1lises e melhorar as fun\u00e7\u00f5es do site. Voc\u00ea pode desabilit\u00e1-los alterando as configura\u00e7\u00f5es do seu navegador, mas saiba que isso pode afetar o funcionamento do site. Chrome Firefox Microsoft Edge Internet Explorer<\/p>\n","protected":false},"author":1,"featured_media":0,"parent":0,"menu_order":0,"comment_status":"closed","ping_status":"closed","template":"","meta":{"footnotes":""},"class_list":["post-872","page","type-page","status-publish","hentry"],"_links":{"self":[{"href":"https:\/\/www.itworks.com.br\/wordpress\/wp-json\/wp\/v2\/pages\/872","targetHints":{"allow":["GET"]}}],"collection":[{"href":"https:\/\/www.itworks.com.br\/wordpress\/wp-json\/wp\/v2\/pages"}],"about":[{"href":"https:\/\/www.itworks.com.br\/wordpress\/wp-json\/wp\/v2\/types\/page"}],"author":[{"embeddable":true,"href":"https:\/\/www.itworks.com.br\/wordpress\/wp-json\/wp\/v2\/users\/1"}],"replies":[{"embeddable":true,"href":"https:\/\/www.itworks.com.br\/wordpress\/wp-json\/wp\/v2\/comments?post=872"}],"version-history":[{"count":13,"href":"https:\/\/www.itworks.com.br\/wordpress\/wp-json\/wp\/v2\/pages\/872\/revisions"}],"predecessor-version":[{"id":1881,"href":"https:\/\/www.itworks.com.br\/wordpress\/wp-json\/wp\/v2\/pages\/872\/revisions\/1881"}],"wp:attachment":[{"href":"https:\/\/www.itworks.com.br\/wordpress\/wp-json\/wp\/v2\/media?parent=872"}],"curies":[{"name":"wp","href":"https:\/\/api.w.org\/{rel}","templated":true}]}}